{"id":9074,"date":"2021-08-25T14:40:41","date_gmt":"2021-08-25T14:40:41","guid":{"rendered":"http:\/\/anar13.sg-host.com\/?page_id=9074"},"modified":"2021-12-13T13:24:25","modified_gmt":"2021-12-13T13:24:25","slug":"prevencion-de-parasitos","status":"publish","type":"page","link":"https:\/\/blancoveterinary.com\/en\/prevencion-de-parasitos\/","title":{"rendered":"Parasite Prevention"},"content":{"rendered":"<div  class=\"vc_row wpb_row vc_row-fluid ftc-row-wide\"   ><div class=\"wpb_column vc_column_container vc_col-sm-12\"><div class=\"wpb_wrapper\"><div class=\"ftc-heading heading-1 style-1\"><h1>Preventive information on parasites<\/h1><span class=\"child_title\"><p><\/p><\/span><\/div><\/div><\/div><\/div>\t<div  class=\"vc_row wpb_row vc_row-fluid ftc-row-wide\"   ><div class=\"wpb_column vc_column_container vc_col-sm-12\"><div class=\"wpb_wrapper\">\r\n\t<div class=\"wpb_text_column wpb_content_element\" >\r\n\t\t<div class=\"wpb_wrapper\">\r\n\t\t\t<div style=\"font-size: 20px; color: #000;\"><span style=\"font-size: 20px;\"><strong>There are many types of preventives for dogs and cats. The differences are found in:<\/strong><\/span><\/div>\n<p>&nbsp;<\/p>\n<ul>\n<li style=\"list-style-type: none;\">\n<ul>\n<li style=\"font-size: 20px; color: #000;\"><span style=\"font-size: 16px;\"><em>Frequency of administration: daily, monthly, every 3 months, every 6 months, and yearly<\/em><\/span><\/li>\n<li style=\"font-size: 20px; color: #000;\"><span style=\"font-size: 16px;\"><em>Route by which they are administered: subcutaneous, oral, topical<\/em><\/span><\/li>\n<li style=\"font-size: 20px; color: #000;\"><span style=\"font-size: 16px;\"><em>Covered agencies<\/em><\/span><\/li>\n<li style=\"font-size: 20px; color: #000;\"><span style=\"font-size: 16px;\"><em>Price<\/em><\/span><\/li>\n<li style=\"font-size: 20px; color: #000;\"><span style=\"font-size: 16px;\"><em>Age at which they can begin to be used<\/em><\/span><\/li>\n<\/ul>\n<\/li>\n<\/ul>\n<p>&nbsp;<\/p>\n<div style=\"font-size: 20px; color: #000;\"><span style=\"font-size: 16px;\"><strong><span style=\"font-size: 18px;\">Heartworms and gastrointestinal parasites<\/span> <\/strong><\/span><\/div>\n<p>&nbsp;<\/p>\n<div style=\"font-size: 20px; color: #000;\"><span style=\"font-size: 16px;\"><strong>Heartgard Plus: <\/strong>is an economical product that is very commonly used. It protects your pets from heartworm and some gastrointestinal parasites (hookworms, roundworms). One tablet is administered monthly by mouth. It can be started at 6 weeks of age. <\/span><\/div>\n<p>&nbsp;<\/p>\n<div style=\"font-size: 20px; color: #000;\"><span style=\"font-size: 16px;\"><strong>Revolution: <\/strong>an excellent product for cats and puppies. It protects your cats from heartworm and some gastrointestinal parasites (hookworms, roundworms). In addition, it also protects against fleas and ear mites. It protects puppies from fleas, ticks, ear mites and sarcoptic mange. It is applied topically between the shoulder blades on monthly skin. It can be used from 6 weeks in puppies and 4 weeks in cats. <\/span><\/div>\n<p>&nbsp;<\/p>\n<div style=\"font-size: 20px; color: #000;\"><span style=\"font-size: 16px;\"><strong>Proheart 6\/Proheart 12: <\/strong>a dog-only product that covers protects your dog from heartworm and some gastrointestinal parasites for a limited time (hookworms). It is administered by subcutaneous injection and offers protection for 6 months or 12 months depending on the product used. It can be started at 6 months for Proheart 6 and 12 months for Proheart 12. <\/span><\/div>\n<p>&nbsp;<\/p>\n<div style=\"font-size: 20px; color: #000;\"><span style=\"font-size: 16px;\"><strong>Simparica Trio: <\/strong>the most complete and latest preventive on the market. This product protects your pets from heartworm, gastrointestinal parasites (hookworms, roundworms), fleas and ticks. One tablet is administered monthly by mouth. It can be started at 8 weeks of age and weighs at least 2.8 pounds. The American Heartworm Association recommends heartworm testing before starting use of these products. It then recommends testing in conjunction with annual vaccinations, even if your pet has been on preventatives during the year.<\/span><\/div>\n<p>&nbsp;<\/p>\n<div><span style=\"font-size: 16px;\">The American Heartworm Association recommends performing the heartworm test before starting to use these products. It then recommends doing the <b>test in conjunction with annual vaccinations,<\/b> even if your pet has been in preventive care during the year.<\/span><\/div>\n<p>&nbsp;<\/p>\n<div style=\"font-size: 20px; color: #000;\"><span style=\"font-size: 18px;\"><strong> Fleas, ticks and mites in CATS<\/strong><\/span><\/div>\n<p>&nbsp;<\/p>\n<div style=\"font-size: 20px; color: #000;\"><span style=\"font-size: 16px;\"><strong> Capstar: <\/strong>this product is mostly used on puppies and kittens. It protects your pets from fleas only and lasts for one day. It is administered once a day if necessary. It can be started at 4 weeks of age in dogs and cats over 2 pounds. <\/span><\/div>\n<p>&nbsp;<\/p>\n<div style=\"font-size: 20px; color: #000;\"><span style=\"font-size: 16px;\"><strong>Bravecto: <\/strong>this product protects against fleas and ticks in cats. It is administered every 3 months topically between the scapulae on the skin. It can be started at 6 months of age if they weigh more than 2.6 pounds. <\/span><\/div>\n<p>&nbsp;<\/p>\n<div style=\"font-size: 20px; color: #000;\"><span style=\"font-size: 16px;\"><strong>Revolution: <\/strong>an excellent product for cats and puppies. It protects your cats from heartworm and some gastrointestinal parasites (hookworms, roundworms). In addition, it also protects against fleas and ear mites. It protects puppies from fleas, ticks, ear mites and sarcoptic mange. It is applied topically between the shoulder blades on the skin once a month. It can be used from 6 weeks in puppies and 8 weeks in cats.<\/span><\/div>\n<p>&nbsp;<\/p>\n<div style=\"font-size: 20px; color: #000;\"><span style=\"font-size: 18px;\"><strong> Fleas, ticks and mites in DOGS<\/strong><\/span><\/div>\n<p>&nbsp;<\/p>\n<div style=\"font-size: 20px; color: #000;\"><span style=\"font-size: 16px;\"><strong> Bravecto: <\/strong>this product protects against fleas and ticks in cats. One tablet is administered by mouth every 3 months. It can be started at 6 months of age if they weigh more than 4.4 pounds. <\/span><\/div>\n<p>&nbsp;<\/p>\n<div style=\"font-size: 20px; color: #000;\"><span style=\"font-size: 16px;\"><strong>Nexgard: <\/strong>this product protects against fleas and ticks in dogs. It is administered monthly by mouth. It can be started at 8 weeks of age if they weigh more than 4 pounds. <\/span><\/div>\n<p>&nbsp;<\/p>\n<div style=\"font-size: 20px; color: #000;\"><span style=\"font-size: 16px;\"><strong>Simparica Trio: <\/strong>the most complete and latest preventive on the market. This product protects your pets from heartworm, gastrointestinal parasites (hookworms, roundworms), fleas and ticks. One tablet is administered monthly by mouth. It can be started at 8 weeks of age and weighs at least 2.8 pounds.<\/span><\/div>\n<p><span style=\"font-size: 16px;\"><script src=\"moz-extension:\/\/e97112db-3683-43db-b1a4-b37156fea7b1\/js\/app.js\" type=\"text\/javascript\"><\/script><\/span><\/p>\n\r\n\t\t<\/div>\r\n\t<\/div>\r\n<\/div><\/div><\/div>\t<div  class=\"vc_row wpb_row vc_row-fluid ftc-row-wide\"   ><div class=\"wpb_column vc_column_container vc_col-sm-12\"><div class=\"wpb_wrapper\">\r\n\t<div class=\"wpb_text_column wpb_content_element\" >\r\n\t\t<div class=\"wpb_wrapper\">\r\n\t\t\t<p><script src=\"moz-extension:\/\/e97112db-3683-43db-b1a4-b37156fea7b1\/js\/app.js\" type=\"text\/javascript\"><\/script><\/p>\n\r\n\t\t<\/div>\r\n\t<\/div>\r\n<\/div><\/div><\/div>\t<div  class=\"vc_row wpb_row vc_row-fluid ftc-row-wide\"   ><div class=\"wpb_column vc_column_container vc_col-sm-12\"><div class=\"wpb_wrapper\">\r\n\t<div class=\"wpb_text_column wpb_content_element\" >\r\n\t\t<div class=\"wpb_wrapper\">\r\n\t\t\t<p><script src=\"moz-extension:\/\/e97112db-3683-43db-b1a4-b37156fea7b1\/js\/app.js\" type=\"text\/javascript\"><\/script><\/p>\n\r\n\t\t<\/div>\r\n\t<\/div>\r\n<\/div><\/div><\/div>\t<div  class=\"vc_row wpb_row vc_row-fluid ftc-row-wide\"   ><div class=\"wpb_column vc_column_container vc_col-sm-12\"><div class=\"wpb_wrapper\">\r\n\t<div class=\"wpb_text_column wpb_content_element\" >\r\n\t\t<div class=\"wpb_wrapper\">\r\n\t\t\t<p><script src=\"moz-extension:\/\/e97112db-3683-43db-b1a4-b37156fea7b1\/js\/app.js\" type=\"text\/javascript\"><\/script><\/p>\n<p><script src=\"moz-extension:\/\/e97112db-3683-43db-b1a4-b37156fea7b1\/js\/app.js\" type=\"text\/javascript\"><\/script><\/p>\n\r\n\t\t<\/div>\r\n\t<\/div>\r\n<\/div><\/div><\/div>","protected":false},"excerpt":{"rendered":"Informaci\u00f3n preventivos de par\u00e1sitos Existen muchos tipos de preventivos para perros y gatos. Las diferencias se encuentran en: &nbsp; Frecuencia con la cual se administran: diario, mensual, cada 3 meses, cada 6 meses, y anual V\u00eda por la cual se administran: subcut\u00e1nea, oral, t\u00f3pico Organismos que cubren Precio Edad en la cual se pueden comenzar &hellip; <p class=\"link-more\"><a href=\"https:\/\/blancoveterinary.com\/en\/prevencion-de-parasitos\/\" class=\"more-link\"><\/a><\/p>","protected":false},"author":1,"featured_media":0,"parent":0,"menu_order":0,"comment_status":"closed","ping_status":"closed","template":"","meta":{"pmpro_default_level":0,"_uf_show_specific_survey":0,"_uf_disable_surveys":false,"footnotes":""},"class_list":["post-9074","page","type-page","status-publish","hentry","pmpro-has-access"],"acf":[],"aioseo_notices":[],"_links":{"self":[{"href":"https:\/\/blancoveterinary.com\/en\/wp-json\/wp\/v2\/pages\/9074","targetHints":{"allow":["GET"]}}],"collection":[{"href":"https:\/\/blancoveterinary.com\/en\/wp-json\/wp\/v2\/pages"}],"about":[{"href":"https:\/\/blancoveterinary.com\/en\/wp-json\/wp\/v2\/types\/page"}],"author":[{"embeddable":true,"href":"https:\/\/blancoveterinary.com\/en\/wp-json\/wp\/v2\/users\/1"}],"replies":[{"embeddable":true,"href":"https:\/\/blancoveterinary.com\/en\/wp-json\/wp\/v2\/comments?post=9074"}],"version-history":[{"count":0,"href":"https:\/\/blancoveterinary.com\/en\/wp-json\/wp\/v2\/pages\/9074\/revisions"}],"wp:attachment":[{"href":"https:\/\/blancoveterinary.com\/en\/wp-json\/wp\/v2\/media?parent=9074"}],"curies":[{"name":"wp","href":"https:\/\/api.w.org\/{rel}","templated":true}]}}