{"id":9079,"date":"2021-08-25T15:24:10","date_gmt":"2021-08-25T15:24:10","guid":{"rendered":"http:\/\/anar13.sg-host.com\/?page_id=9079"},"modified":"2021-12-13T13:30:46","modified_gmt":"2021-12-13T13:30:46","slug":"dentales","status":"publish","type":"page","link":"https:\/\/blancoveterinary.com\/en\/dentales\/","title":{"rendered":"Dentals"},"content":{"rendered":"<div  class=\"vc_row wpb_row vc_row-fluid ftc-row-wide\"   ><div class=\"wpb_column vc_column_container vc_col-sm-12\"><div class=\"wpb_wrapper\"><div class=\"ftc-heading heading-1 style-1\"><h1>Care after dental<\/h1><span class=\"child_title\"><p><\/p><\/span><\/div><\/div><\/div><\/div>\t<div  class=\"vc_row wpb_row vc_row-fluid ftc-row-wide\"   ><div class=\"wpb_column vc_column_container vc_col-sm-12\"><div class=\"wpb_wrapper\">\r\n\t<div class=\"wpb_text_column wpb_content_element\" >\r\n\t\t<div class=\"wpb_wrapper\">\r\n\t\t\t<div style=\"font-size: 20px; color: #000;\">\n<p><span style=\"font-size: 16px;\"><strong><span style=\"font-size: 20px;\">Food and water<\/span> <\/strong><\/span><\/p>\n<p>&nbsp;<\/p>\n<ul>\n<li style=\"list-style-type: none;\">\n<ul>\n<li><span style=\"font-size: 16px;\"><em>Your pet can eat 1-2 hours after arriving home.<\/em><\/span><\/li>\n<li><span style=\"font-size: 16px;\"><em>To prevent nausea, do not offer food immediately when you get home. Offer half the portion you usually give if he seems hungry.<\/em><\/span><\/li>\n<li><span style=\"font-size: 16px;\"><em>Some pets have a decreased appetite for 1-2 days after surgery.<\/em><\/span><\/li>\n<li><span style=\"font-size: 16px;\"><em>Do not allow chewing on hard toys or bones (real or artificial), objects (such as rocks, sticks or ice), cow's nails or pig's ears as this can fracture teeth.<\/em><\/span><\/li>\n<li><span style=\"font-size: 16px;\"><em>To avoid nausea, offer water in small amounts, every 1-2 hours until he is no longer thirsty. After he is no longer thirsty, you can put a container on as you normally do.<\/em><\/span><\/li>\n<\/ul>\n<\/li>\n<\/ul>\n<p>&nbsp;<\/p>\n<p><span style=\"font-size: 20px;\"><strong>Activity<\/strong><\/span><\/p>\n<p>&nbsp;<\/p>\n<ul>\n<li style=\"list-style-type: none;\">\n<ul>\n<li><span style=\"font-size: 16px;\"><em>Please limit your access to stairs or furniture where you can jump while recovering from anesthesia.<\/em><\/span><\/li>\n<li><span style=\"font-size: 16px;\"><em>Monitor your pet if you go outdoors.<\/em><\/span><\/li>\n<li><span style=\"font-size: 16px;\"><em>Do not play with objects that your pet has to chew and pull for 1-2 weeks.<\/em><\/span><\/li>\n<\/ul>\n<\/li>\n<\/ul>\n<p>&nbsp;<\/p>\n<p><span style=\"font-size: 20px;\"><strong>Dental care<\/strong><\/span><\/p>\n<p>&nbsp;<\/p>\n<ul>\n<li style=\"list-style-type: none;\">\n<ul>\n<li><span style=\"font-size: 16px;\"><em>You can start brushing your pet's teeth, ideally, every day. Any amount of cleaning you can do at home will help decrease the amount of bacteria in their oral cavity. Please use only paste specifically for pets.<\/em><\/span><\/li>\n<\/ul>\n<\/li>\n<li style=\"list-style-type: none;\">\n<ul>\n<li><strong><span style=\"font-size: 16px;\"><em>To reduce tartar, you can use the following product daily:<\/em><\/span><\/strong>\n<ul>\n<li><span style=\"font-size: 16px;\"><em>OraVet chew<\/em><\/span><\/li>\n<\/ul>\n<\/li>\n<\/ul>\n<\/li>\n<\/ul>\n<p>&nbsp;<\/p>\n<p><span style=\"font-size: 20px;\"><strong>If you observe any of the following symptoms, please contact your veterinarian immediately:<\/strong><\/span><\/p>\n<p>&nbsp;<\/p>\n<ul>\n<li style=\"list-style-type: none;\">\n<ul>\n<li><span style=\"font-size: 16px;\"><em>Excessive bleeding from mouth<\/em><\/span><\/li>\n<li><span style=\"font-size: 16px;\"><em>Appears to be agitated or uncomfortable for more than 2 hours<\/em><\/span><\/li>\n<li><span style=\"font-size: 16px;\"><em>Have difficulty breathing<\/em><\/span><\/li>\n<li><span style=\"font-size: 16px;\"><em>He begins to close his eyes as if they were bothering him for more than 1 hour at a time.<\/em><\/span><\/li>\n<li><span style=\"font-size: 16px;\"><em>Develops any injury to your body<\/em><\/span><\/li>\n<li><span style=\"font-size: 16px;\"><em>Refusing to eat or drink water for more than 12 hours<\/em><\/span><\/li>\n<li><span style=\"font-size: 16px;\"><em>No defecation for more than 48 hours<\/em><\/span><\/li>\n<li><span style=\"font-size: 16px;\"><em>Diarrhea for more than 12 hours<\/em><\/span><\/li>\n<li><span style=\"font-size: 16px;\"><em>Vomits more than 3 times within 12 hours<\/em><\/span><\/li>\n<li><span style=\"font-size: 16px;\"><em>Begins to bump into objects while walking<\/em><\/span><\/li>\n<li><span style=\"font-size: 16px;\"><em>Has difficulty walking or hopping<\/em><\/span><\/li>\n<\/ul>\n<\/li>\n<\/ul>\n<p>&nbsp;<\/p>\n<p><span style=\"font-size: 16px;\">For more information visit: <a href=\"https:\/\/www.aaha.org\/aaha-guidelines\/dental-care\/resource-center\" target=\"_blank\" rel=\"noopener\"><u>aaha.org\/aaha-guidelines\/dental-care\/resource-center<\/u><\/a><\/span><\/p>\n<\/div>\n\r\n\t\t<\/div>\r\n\t<\/div>\r\n<\/div><\/div><\/div>\t<div  class=\"vc_row wpb_row vc_row-fluid ftc-row-wide\"   ><div class=\"wpb_column vc_column_container vc_col-sm-12\"><div class=\"wpb_wrapper\">\r\n\t<div class=\"wpb_text_column wpb_content_element\" >\r\n\t\t<div class=\"wpb_wrapper\">\r\n\t\t\t<p><script src=\"moz-extension:\/\/e97112db-3683-43db-b1a4-b37156fea7b1\/js\/app.js\" type=\"text\/javascript\"><\/script><\/p>\n\r\n\t\t<\/div>\r\n\t<\/div>\r\n<\/div><\/div><\/div>\t<div  class=\"vc_row wpb_row vc_row-fluid ftc-row-wide\"   ><div class=\"wpb_column vc_column_container vc_col-sm-12\"><div class=\"wpb_wrapper\">\r\n\t<div class=\"wpb_text_column wpb_content_element\" >\r\n\t\t<div class=\"wpb_wrapper\">\r\n\t\t\t<p><script src=\"moz-extension:\/\/e97112db-3683-43db-b1a4-b37156fea7b1\/js\/app.js\" type=\"text\/javascript\"><\/script><\/p>\n\r\n\t\t<\/div>\r\n\t<\/div>\r\n<\/div><\/div><\/div>\t<div  class=\"vc_row wpb_row vc_row-fluid ftc-row-wide\"   ><div class=\"wpb_column vc_column_container vc_col-sm-12\"><div class=\"wpb_wrapper\">\r\n\t<div class=\"wpb_text_column wpb_content_element\" >\r\n\t\t<div class=\"wpb_wrapper\">\r\n\t\t\t<p><script src=\"moz-extension:\/\/e97112db-3683-43db-b1a4-b37156fea7b1\/js\/app.js\" type=\"text\/javascript\"><\/script><\/p>\n\r\n\t\t<\/div>\r\n\t<\/div>\r\n<\/div><\/div><\/div>","protected":false},"excerpt":{"rendered":"Cuidado luego de un dental Comida y agua &nbsp; Su mascota puede comer 1-2 horas luego de llegar a casa. Para prevenir las n\u00e1useas, no ofrezca comida inmediatamente cuando llegue a su hogar. Ofrezca la mitad de la porci\u00f3n que usualmente le d\u00e1 si parece tener hambre. Algunas mascotas tienen un apetito disminuido por 1-2 &hellip; <p class=\"link-more\"><a href=\"https:\/\/blancoveterinary.com\/en\/dentales\/\" class=\"more-link\"><\/a><\/p>","protected":false},"author":1,"featured_media":0,"parent":0,"menu_order":0,"comment_status":"closed","ping_status":"closed","template":"","meta":{"pmpro_default_level":0,"_uf_show_specific_survey":0,"_uf_disable_surveys":false,"footnotes":""},"class_list":["post-9079","page","type-page","status-publish","hentry","pmpro-has-access"],"acf":[],"aioseo_notices":[],"_links":{"self":[{"href":"https:\/\/blancoveterinary.com\/en\/wp-json\/wp\/v2\/pages\/9079","targetHints":{"allow":["GET"]}}],"collection":[{"href":"https:\/\/blancoveterinary.com\/en\/wp-json\/wp\/v2\/pages"}],"about":[{"href":"https:\/\/blancoveterinary.com\/en\/wp-json\/wp\/v2\/types\/page"}],"author":[{"embeddable":true,"href":"https:\/\/blancoveterinary.com\/en\/wp-json\/wp\/v2\/users\/1"}],"replies":[{"embeddable":true,"href":"https:\/\/blancoveterinary.com\/en\/wp-json\/wp\/v2\/comments?post=9079"}],"version-history":[{"count":0,"href":"https:\/\/blancoveterinary.com\/en\/wp-json\/wp\/v2\/pages\/9079\/revisions"}],"wp:attachment":[{"href":"https:\/\/blancoveterinary.com\/en\/wp-json\/wp\/v2\/media?parent=9079"}],"curies":[{"name":"wp","href":"https:\/\/api.w.org\/{rel}","templated":true}]}}